{"id":654,"date":"2025-01-20T20:53:36","date_gmt":"2025-01-20T20:53:36","guid":{"rendered":"https:\/\/ivf-software.com\/?page_id=654"},"modified":"2025-01-30T21:23:37","modified_gmt":"2025-01-30T21:23:37","slug":"impressum","status":"publish","type":"page","link":"https:\/\/dynamed.software\/it\/impressum\/","title":{"rendered":"Note legali"},"content":{"rendered":"<div data-elementor-type=\"wp-page\" data-elementor-id=\"654\" class=\"elementor elementor-654\" data-elementor-post-type=\"page\">\n\t\t\t\t<div class=\"elementor-element elementor-element-8412853 e-flex e-con-boxed e-con e-parent\" data-id=\"8412853\" data-element_type=\"container\" data-e-type=\"container\">\n\t\t\t\t\t<div class=\"e-con-inner\">\n\t\t\t\t<div class=\"elementor-element elementor-element-2b54ff8 elementor-widget elementor-widget-heading\" data-id=\"2b54ff8\" data-element_type=\"widget\" data-e-type=\"widget\" data-widget_type=\"heading.default\">\n\t\t\t\t<div class=\"elementor-widget-container\">\n\t\t\t\t\t<h2 class=\"elementor-heading-title elementor-size-default\">Note legali<\/h2>\t\t\t\t<\/div>\n\t\t\t\t<\/div>\n\t\t\t\t\t<\/div>\n\t\t\t\t<\/div>\n\t\t<div class=\"elementor-element elementor-element-b154112 e-flex e-con-boxed e-con e-parent\" data-id=\"b154112\" data-element_type=\"container\" data-e-type=\"container\">\n\t\t\t\t\t<div class=\"e-con-inner\">\n\t\t\t\t<div class=\"elementor-element elementor-element-1b58993 elementor-widget elementor-widget-text-editor\" data-id=\"1b58993\" data-element_type=\"widget\" data-e-type=\"widget\" data-widget_type=\"text-editor.default\">\n\t\t\t\t<div class=\"elementor-widget-container\">\n\t\t\t\t\t\t\t\t\t<div class=\"elementor-element elementor-element-acfe5e8 e-flex e-con-boxed e-con e-parent e-lazyloaded\" data-id=\"acfe5e8\" data-element_type=\"container\"><div class=\"e-con-inner\"><div class=\"elementor-element elementor-element-d2018ec elementor-widget elementor-widget-text-editor\" data-id=\"d2018ec\" data-element_type=\"widget\" data-widget_type=\"text-editor.default\"><div class=\"elementor-widget-container\"><p class=\"translation-block\">Il presente sito web \u00e8 un'offerta online di IMA-Systems Information-Technology su Internet. A questo indirizzo web e su eventuali sottodomini vengono fornite informazioni sui servizi dell'azienda.<\/p><p><strong>Obblighi di informazione ai sensi della Legge sui media e della Legge sul commercio elettronico<\/strong><\/p><p>Titolare e editore dei media:<\/p><p><strong>IMA-Systems Information-Technology\u00a0<br \/>ZLN der NEXTCLINICS Austria GmbH<\/strong><br \/>R\u00f6merstra\u00dfe 2<br \/>6900 Bregenz<br \/>\u00d6sterreich<\/p><p>Amministratori delegati: Pascal Felder, J\u00fcrgen Schaubel<\/p><p>Telefono: +43 (0)5574 \u2013 4 33 22<br \/>E-Mail:\u00a0<a href=\"https:\/\/web.archive.org\/web\/20240912214731\/mailto:office@ima-systems.com\">office@ima-systems.com<\/a><br \/>Internet:\u00a0<a href=\"https:\/\/web.archive.org\/web\/20240912214731\/https:\/\/ima-systems.com\/\">www.ima-systems.com<\/a><\/p><p class=\"translation-block\">Numero di iscrizione al registro delle imprese: FN306414i<br>\nCodice fiscale: 105\/8548<br>\nPartita IVA: ATU63996689<br>\nSuccursale di NEXTCLINICS Austria GmbH<\/p><\/div><\/div><\/div><\/div><div class=\"elementor-element elementor-element-5566e5c e-flex e-con-boxed e-con e-parent e-lazyloaded\" data-id=\"5566e5c\" data-element_type=\"container\"><div class=\"e-con-inner\"><div class=\"elementor-element elementor-element-edd8e12 elementor-widget elementor-widget-text-editor\" data-id=\"edd8e12\" data-element_type=\"widget\" data-widget_type=\"text-editor.default\"><div class=\"elementor-widget-container\"><p><strong>Informazioni bancarie: Hypo Landesbank<\/strong><\/p><p>KTO: 10425541019<br \/>BLZ: 5800<br \/>IBAN: AT88 58000 10425541019<br \/>BIC: HYPVAT2B<\/p><\/div><\/div><\/div><\/div><div class=\"elementor-element elementor-element-c69abe7 e-flex e-con-boxed e-con e-parent e-lazyloaded\" data-id=\"c69abe7\" data-element_type=\"container\"><div class=\"e-con-inner\"><div class=\"elementor-element elementor-element-b88a4fc elementor-widget elementor-widget-text-editor\" data-id=\"b88a4fc\" data-element_type=\"widget\" data-widget_type=\"text-editor.default\"><div class=\"elementor-widget-container\"><p><strong>Condizioni d'uso, garanzia e responsabilit\u00e0 per contenuti e link<\/strong><\/p><p class=\"translation-block\">L'utilizzo di questo sito web avviene a proprio rischio e pericolo. Non forniamo alcuna garanzia n\u00e9 per la disponibilit\u00e0 costante, n\u00e9 per i contributi, le offerte e i servizi pubblicati in merito a correttezza, completezza e funzionalit\u00e0. La garanzia \u00e8 regolata dalle disposizioni di legge. \u00c8 esclusa qualsiasi responsabilit\u00e0 per i danni derivanti, direttamente o indirettamente, dall'utilizzo di questo sito web.\n\nQuesto sito web e i servizi ad esso collegati sono gestiti con la massima cura, affidabilit\u00e0 e disponibilit\u00e0. Tuttavia, per motivi tecnici non \u00e8 possibile garantire che tali servizi siano accessibili senza interruzioni, che le connessioni desiderate possano essere stabilite sempre o che i dati salvati rimangano conservati in ogni circostanza. Pertanto, non \u00e8 possibile garantire una disponibilit\u00e0 costante.\n\nLa connettivit\u00e0 IP con altri gestori di rete avviene in base alle possibilit\u00e0. \u00c8 esclusa qualsiasi responsabilit\u00e0 per problemi la cui causa risiede nelle reti di terzi. L'utilizzo di altre reti \u00e8 soggetto alle condizioni d'uso dei rispettivi gestori. In caso di forza maggiore, scioperi, limitazioni dei servizi di altri gestori di rete o in occasione di lavori di riparazione e manutenzione, possono verificarsi limitazioni o interruzioni, senza che per tali disservizi sussista alcuna responsabilit\u00e0.<\/p><p><strong>Links<\/strong><\/p><p class=\"translation-block\">In caso di link ad altre offerte online, non ci assumiamo alcuna responsabilit\u00e0 per il contenuto, la funzionalit\u00e0 e la disponibilit\u00e0 dei siti web collegati. Questo vale anche per tutti gli altri riferimenti o collegamenti diretti o indiretti a offerte Internet di terzi. I link a questo sito web sono benvenuti se sono impostati come link esterni in una finestra del browser separata. L'inclusione della finestra principale in un frame del link non \u00e8 consentita. Se un sito web a cui ci siamo collegati dovesse contenere contenuti illeciti, vi preghiamo di comunicarcelo, e il link verr\u00e0 rimosso immediatamente.<\/p><\/div><\/div><\/div><\/div>\t\t\t\t\t\t\t\t<\/div>\n\t\t\t\t<\/div>\n\t\t\t\t\t<\/div>\n\t\t\t\t<\/div>\n\t\t\t\t<\/div>","protected":false},"excerpt":{"rendered":"<p>Impressum Die vorliegende Website ist ein Online-Angebot der IMA-Systems Information-Technology im Internet.Unter dieser Web-Adresse und allf\u00e4lliger Subdomains werden Informationen zu den Leistungen des Unternehmens bereit gestellt. Informationspflichten gem\u00e4\u00df Mediengesetz und E-Commerce-Gesetz Medieninhaber und Herausgeber: IMA-Systems Information-Technology\u00a0ZLN der NEXTCLINICS Austria GmbHR\u00f6merstra\u00dfe 26900 Bregenz\u00d6sterreich Gesch\u00e4ftsf\u00fchrer: Pascal Felder, J\u00fcrgen Schaubel Telefon: +43 (0)5574 \u2013 4 33 22E-Mail:\u00a0office@ima-systems.comInternet:\u00a0www.ima-systems.com Firmenbuchnummer: [&hellip;]<\/p>\n","protected":false},"author":1,"featured_media":0,"parent":0,"menu_order":0,"comment_status":"closed","ping_status":"closed","template":"","meta":{"footnotes":""},"class_list":["post-654","page","type-page","status-publish","hentry"],"_links":{"self":[{"href":"https:\/\/dynamed.software\/it\/wp-json\/wp\/v2\/pages\/654","targetHints":{"allow":["GET"]}}],"collection":[{"href":"https:\/\/dynamed.software\/it\/wp-json\/wp\/v2\/pages"}],"about":[{"href":"https:\/\/dynamed.software\/it\/wp-json\/wp\/v2\/types\/page"}],"author":[{"embeddable":true,"href":"https:\/\/dynamed.software\/it\/wp-json\/wp\/v2\/users\/1"}],"replies":[{"embeddable":true,"href":"https:\/\/dynamed.software\/it\/wp-json\/wp\/v2\/comments?post=654"}],"version-history":[{"count":0,"href":"https:\/\/dynamed.software\/it\/wp-json\/wp\/v2\/pages\/654\/revisions"}],"wp:attachment":[{"href":"https:\/\/dynamed.software\/it\/wp-json\/wp\/v2\/media?parent=654"}],"curies":[{"name":"wp","href":"https:\/\/api.w.org\/{rel}","templated":true}]}}