{"id":1346,"date":"2025-01-30T21:25:17","date_gmt":"2025-01-30T21:25:17","guid":{"rendered":"https:\/\/dynamed.software\/?page_id=1346"},"modified":"2026-03-20T08:57:05","modified_gmt":"2026-03-20T06:57:05","slug":"datenschutz","status":"publish","type":"page","link":"https:\/\/dynamed.software\/it\/datenschutz\/","title":{"rendered":"Protezione dei dati"},"content":{"rendered":"<div data-elementor-type=\"wp-page\" data-elementor-id=\"1346\" class=\"elementor elementor-1346\" data-elementor-post-type=\"page\">\n\t\t\t\t<div class=\"elementor-element elementor-element-8412853 e-flex e-con-boxed e-con e-parent\" data-id=\"8412853\" data-element_type=\"container\" data-e-type=\"container\">\n\t\t\t\t\t<div class=\"e-con-inner\">\n\t\t\t\t<div class=\"elementor-element elementor-element-2b54ff8 elementor-widget elementor-widget-heading\" data-id=\"2b54ff8\" data-element_type=\"widget\" data-e-type=\"widget\" data-widget_type=\"heading.default\">\n\t\t\t\t<div class=\"elementor-widget-container\">\n\t\t\t\t\t<h2 class=\"elementor-heading-title elementor-size-default\">Protezione dei dati<\/h2>\t\t\t\t<\/div>\n\t\t\t\t<\/div>\n\t\t\t\t\t<\/div>\n\t\t\t\t<\/div>\n\t\t<div class=\"elementor-element elementor-element-b154112 e-flex e-con-boxed e-con e-parent\" data-id=\"b154112\" data-element_type=\"container\" data-e-type=\"container\">\n\t\t\t\t\t<div class=\"e-con-inner\">\n\t\t\t\t<div class=\"elementor-element elementor-element-1b58993 elementor-widget elementor-widget-text-editor\" data-id=\"1b58993\" data-element_type=\"widget\" data-e-type=\"widget\" data-widget_type=\"text-editor.default\">\n\t\t\t\t<div class=\"elementor-widget-container\">\n\t\t\t\t\t\t\t\t\t<div data-id=\"acfe5e8\" data-element_type=\"container\"><div><div data-id=\"d2018ec\" data-element_type=\"widget\" data-widget_type=\"text-editor.default\"><div><p style=\"color: #000000; font-family: Roboto, sans-serif;\" class=\"translation-block\"><b>1. Generale<\/b><br>Prendiamo molto sul serio la protezione dei dati personali e ci atteniamo rigorosamente alle norme delle leggi sulla protezione dei dati (GDPR, MedienG, ECG, UGB). Allo stesso modo, i dati raccolti sono protetti nel miglior modo possibile mediante misure tecniche e organizzative. I dati personali vengono trattati solo internamente all'azienda. La comunicazione a terzi di norma non avviene. Fanno eccezione solo i casi di obbligo medico o legale, o se avete espressamente acconsentito a tale comunicazione e la desiderate.<br>Questa dichiarazione ha lo scopo di fornirvi una panoramica su come garantiamo tale protezione e su quali tipi di dati vengono raccolti e per quale scopo.<\/p><p style=\"color: #000000; font-family: Roboto, sans-serif;\"><b><b>2. Elaborazione automatica dei dati su questo sito web<\/b><br \/><\/b>Per il rilevamento precoce degli errori, l\u2019ottimizzazione dei nostri siti web, la misurazione e la valutazione delle nostre campagne di comunicazione, vengono memorizzate automaticamente lato server (browser) le seguenti informazioni durante la visita dei nostri siti:<br \/>&#8211; Browsertyp\/-version<br \/>&#8211; Betriebssystem<br \/>&#8211; Herkunftsseite (Referrer URL)<br \/>&#8211; Verbindungsidentifikation<br \/>&#8211; Hostname des zugreifenden Rechners (IP-Adresse)<br \/>&#8211; Uhrzeit<\/p><p style=\"color: #000000; font-family: Roboto, sans-serif;\">Questi dati non sono tecnicamente riconducibili a persone specifiche. Non viene effettuata alcuna unione di questi dati con altre fonti (ad es. eventuali dati di registrazione). I dati vengono cancellati in conformit\u00e0 con le direttive sulla protezione dei dati.<\/p><p style=\"color: #000000; font-family: Roboto, sans-serif;\" class=\"translation-block\"><b>3. Servizi che richiedono la registrazione (ad es. newsletter)<br><\/b>Se desiderate utilizzare le offerte e i servizi (personalizzati o a pagamento) proposti sul sito web (ad es. newsletter), per potervi fornire tali servizi in modo appropriato, dovremo raccogliere ulteriori informazioni da voi. Queste includono in particolare il vostro nome, il vostro indirizzo e-mail, nonch\u00e9 ulteriori informazioni (ad es. indirizzo, numero di telefono). Solo con questi dati ci \u00e8 possibile, ad esempio, verificare se siete i titolari dell'indirizzo e-mail fornito (per prevenire registrazioni fraudolente), se possiamo inviare messaggi e-mail, se le iscrizioni ai nostri eventi sono valide, o che possiamo fatturare correttamente i servizi desiderati.<br>Questi dati citati (ad es. l'indirizzo e-mail) sono i cosiddetti dati personali, ossia dati che possono consentire di accertare la vostra identit\u00e0. Di norma, \u00e8 possibile utilizzare le aree\/i servizi ad accesso libero della nostra offerta Internet senza dover rivelare la vostra identit\u00e0, in tutto o in parte. A seconda del servizio specifico, potete fornirci, su base volontaria (ad es. tramite gli appositi campi del modulo), ulteriori dati (ad es. et\u00e0, messaggi personali o simili) nell'ambito della registrazione\/iscrizione. Queste informazioni ci aiutano ad accelerare in modo mirato i processi di comunicazione e terapia, e vengono da noi utilizzate per la configurazione mirata delle nostre offerte di trattamento in base alle esigenze, per la corretta fornitura di ulteriori informazioni e indicazioni, nonch\u00e9 per la gestione dei contatti. La comunicazione a terzi di norma non avviene (cfr. 1. Generale).<\/p><p style=\"color: #000000; font-family: Roboto, sans-serif;\" class=\"translation-block\"><b>4. Cookie<\/b><br>Come \u00e8 consuetudine oggi sui siti web, anche noi utilizziamo i cookie. Questi servono a rendere la nostra offerta pi\u00f9 facile da usare, migliore e pi\u00f9 sicura. I cookie sono piccoli file di testo che vengono salvati sul vostro computer e che il vostro browser memorizza. Potete impedire l'utilizzo dei cookie tramite un'apposita impostazione nel vostro browser. Vi informiamo, tuttavia, che in questo caso potreste non essere in grado di utilizzare appieno tutte le funzionalit\u00e0 di questo sito web. I nostri cookie non danneggiano il vostro computer e non contengono virus.<\/p><p style=\"color: #000000; font-family: Roboto, sans-serif;\" class=\"translation-block\"><b>5. Google Analytics<\/b><br>Questo sito web utilizza Google Analytics, un servizio di analisi web di Google LLC (\u201cGoogle\u201d), 1600 Amphitheatre Parkway, Mountain View, CA 94043, USA. Google Analytics utilizza i \u201ccookie\u201d (vedi 4. Cookie) che consentono un monitoraggio dell'utilizzo del sito web. Le informazioni richieste dal cookie vengono stabilite da \u201cGoogle\u201d e sono trasmesse e memorizzate sui loro server (ad es. negli USA). Google utilizzer\u00e0 queste informazioni per valutare il vostro utilizzo del sito web, per compilare report sulle attivit\u00e0 del sito web per i gestori del sito e per fornire altri servizi correlati all'utilizzo del sito web e di Internet. Se necessario, Google pu\u00f2 anche trasmettere queste informazioni a terzi se ci\u00f2 \u00e8 richiesto dalla legge o se terzi trattano questi dati per conto di Google. Secondo lo stato attuale delle dichiarazioni, Google non assocer\u00e0 il vostro indirizzo IP ad altri dati di Google. Utilizzando questo sito web, acconsentite al trattamento dei dati raccolti tramite il vostro browser o il cookie di Google secondo le modalit\u00e0 descritte e per lo scopo indicato in precedenza.<\/p><p style=\"color: #000000; font-family: Roboto, sans-serif;\" class=\"translation-block\"><b>6. Opposizione al (ulteriore) trattamento e utilizzo dei dati<\/b><br>Il consenso alla memorizzazione dei vostri dati personali e al loro utilizzo per la fornitura dei rispettivi servizi pu\u00f2 essere revocato in qualsiasi momento nei nostri confronti. Si prega di notare che anche dopo la vostra opposizione all'utilizzo e\/o alla memorizzazione dei dati, possiamo trattare i vostri dati per scopi di fatturazione nella misura necessaria. Inoltre, l'opposizione a un ulteriore utilizzo dei dati comporta che potreste non essere in grado di usufruire ulteriormente dei servizi richiesti e l'erogazione dei nostri servizi sar\u00e0 interrotta immediatamente. I vostri dati personali verranno cancellati e non verranno ulteriormente conservati nei nostri archivi.<\/p><p style=\"color: #000000; font-family: Roboto, sans-serif;\" class=\"translation-block\"><b>7. Diritto di accesso<\/b><br>Nel rispetto dei criteri e delle procedure stabilite in conformit\u00e0 con la direttiva sulla protezione dei dati, avete il diritto in qualsiasi momento di accedere alle informazioni sulla natura e la portata dei dati memorizzati che vi riguardano, sulla loro origine e sui loro destinatari, nonch\u00e9 sullo scopo della memorizzazione. (vedi 11. Contatto per questioni relative alla protezione dei dati).<\/p><p style=\"color: #000000; font-family: Roboto, sans-serif;\" class=\"translation-block\"><b>8. Ulteriori informazioni<\/b><br>La fiducia reciproca \u00e8 molto importante per noi\\! Se avete domande a cui questa informativa sulla privacy non ha potuto rispondere, o se desiderate informazioni pi\u00f9 dettagliate su un punto, vi preghiamo di rivolgervi in qualsiasi momento al nostro dipartimento per la protezione dei dati (vedi 11. Contatto per questioni relative alla protezione dei dati).<\/p><p style=\"color: #000000; font-family: Roboto, sans-serif;\" class=\"translation-block\"><b>9. Modifiche e disponibilit\u00e0 delle disposizioni sulla protezione dei dati<\/b><br>Trovate la versione attuale della nostra informativa sulla privacy sul nostro sito web.<\/p><p style=\"color: #000000; font-family: Roboto, sans-serif;\" class=\"translation-block\"><b>10. Remarketing<\/b><br>Basandoci sulle considerazioni relative all'importanza della fiducia reciproca e sulla nostra convinta responsabilit\u00e0 nei confronti dei visitatori del nostro sito web, rinunciamo consapevolmente sulle nostre pagine a ulteriori attivit\u00e0 di remarketing\/retargeting on-site e\/o off-site (ad es. Google Display Network).<\/p><p style=\"color: #000000; font-family: Roboto, sans-serif;\" class=\"translation-block\"><b>11. Candidature<\/b><br>Vengono trattati solo i dati che voi stessi ci fornite per la vostra candidatura. Questi dati vengono utilizzati esclusivamente per l'elaborazione della vostra candidatura e quindi inoltrati solo internamente e unicamente alle persone coinvolte nella selezione del personale. Se esercitate il diritto alla cancellazione, alla limitazione del trattamento o all'opposizione durante la procedura di candidatura, ci\u00f2 comporta l'immediata interruzione dell'elaborazione. Se la vostra candidatura non ha successo, i vostri documenti di candidatura verranno cancellati o distrutti dopo l'invio della lettera di rifiuto.<\/p><p style=\"color: #000000; font-family: Roboto, sans-serif;\"><b>12. Kontakt f\u00fcr Anliegen hinsichtlich Datenschutz<br \/><\/b>Datenschutzbeauftragter: Manuel Seiffert<br \/>Email: datenschutz@ima-systems.com<br \/>Telefon: +43 5574 43322<br \/>Betreiber und Herausgeber dieser Website:<br \/>IMA-Systems Information-Technology GmbH<br \/>(Kontaktdaten siehe Impressum)<\/p><\/div><\/div><\/div><\/div><div data-id=\"c69abe7\" data-element_type=\"container\"><div><div data-id=\"b88a4fc\" data-element_type=\"widget\" data-widget_type=\"text-editor.default\"><div>\u00a0<\/div><\/div><\/div><\/div>\t\t\t\t\t\t\t\t<\/div>\n\t\t\t\t<\/div>\n\t\t\t\t\t<\/div>\n\t\t\t\t<\/div>\n\t\t\t\t<\/div>","protected":false},"excerpt":{"rendered":"<p>Datenschutz 1. AllgemeinWir nehmen den Schutz der pers\u00f6nlichen Daten sehr ernst und halten uns strikt an die Regeln der Datenschutzgesetze (DSGVO, MedienG, ECG, UGB). Ebenso werden die erhobenen Daten durchtechnische und organisatorische Ma\u00dfnahmen nach besten M\u00f6glichkeiten gesch\u00fctzt. Pers\u00f6nliche Daten werden nur unternehmensintern verarbeitet. Eine Weitergabe an Dritte erfolgt grunds\u00e4tzlich nicht. Ausnahmen hiervon gelten nur im [&hellip;]<\/p>\n","protected":false},"author":1,"featured_media":0,"parent":0,"menu_order":0,"comment_status":"closed","ping_status":"closed","template":"","meta":{"footnotes":""},"class_list":["post-1346","page","type-page","status-publish","hentry"],"_links":{"self":[{"href":"https:\/\/dynamed.software\/it\/wp-json\/wp\/v2\/pages\/1346","targetHints":{"allow":["GET"]}}],"collection":[{"href":"https:\/\/dynamed.software\/it\/wp-json\/wp\/v2\/pages"}],"about":[{"href":"https:\/\/dynamed.software\/it\/wp-json\/wp\/v2\/types\/page"}],"author":[{"embeddable":true,"href":"https:\/\/dynamed.software\/it\/wp-json\/wp\/v2\/users\/1"}],"replies":[{"embeddable":true,"href":"https:\/\/dynamed.software\/it\/wp-json\/wp\/v2\/comments?post=1346"}],"version-history":[{"count":3,"href":"https:\/\/dynamed.software\/it\/wp-json\/wp\/v2\/pages\/1346\/revisions"}],"predecessor-version":[{"id":1578,"href":"https:\/\/dynamed.software\/it\/wp-json\/wp\/v2\/pages\/1346\/revisions\/1578"}],"wp:attachment":[{"href":"https:\/\/dynamed.software\/it\/wp-json\/wp\/v2\/media?parent=1346"}],"curies":[{"name":"wp","href":"https:\/\/api.w.org\/{rel}","templated":true}]}}